{"id":954,"date":"2025-10-27T23:23:43","date_gmt":"2025-10-27T23:23:43","guid":{"rendered":"https:\/\/rheumatologie-am-rosenberg.ch\/?page_id=954"},"modified":"2025-10-30T14:36:44","modified_gmt":"2025-10-30T14:36:44","slug":"dr-med-judit-hamori","status":"publish","type":"page","link":"https:\/\/rheumatologie-am-rosenberg.ch\/?page_id=954","title":{"rendered":"Dr. med. univ. Judit H\u00e1mori"},"content":{"rendered":"\n<figure class=\"wp-block-image size-large is-resized\"><img decoding=\"async\" loading=\"lazy\" src=\"https:\/\/rheumatologie-am-rosenberg.ch\/wp-content\/uploads\/2025\/10\/judit_hamori-707x1024.jpg\" alt=\"\" class=\"wp-image-956\" width=\"338\" height=\"489\" srcset=\"https:\/\/rheumatologie-am-rosenberg.ch\/wp-content\/uploads\/2025\/10\/judit_hamori-707x1024.jpg 707w, https:\/\/rheumatologie-am-rosenberg.ch\/wp-content\/uploads\/2025\/10\/judit_hamori-207x300.jpg 207w, https:\/\/rheumatologie-am-rosenberg.ch\/wp-content\/uploads\/2025\/10\/judit_hamori-768x1113.jpg 768w, https:\/\/rheumatologie-am-rosenberg.ch\/wp-content\/uploads\/2025\/10\/judit_hamori-1060x1536.jpg 1060w, https:\/\/rheumatologie-am-rosenberg.ch\/wp-content\/uploads\/2025\/10\/judit_hamori-1413x2048.jpg 1413w, https:\/\/rheumatologie-am-rosenberg.ch\/wp-content\/uploads\/2025\/10\/judit_hamori-scaled.jpg 1766w\" sizes=\"(max-width: 338px) 100vw, 338px\" \/><\/figure>\n\n\n\n<p><strong>Kontakt:<\/strong><br>Tel.: +41 71 223 15 10 oder E-Mail: <a href=\"mailto:mpa-rheumatologie-am-rosenberg@hin.ch\" data-type=\"mailto\" data-id=\"mailto:mpa-rheumatologie-am-rosenberg@hin.ch\">mpa-rheumatologie-am-rosenberg@hin.ch<\/a><\/p>\n\n\n\n<p class=\"hidden has-medium-font-size\">Leitende &#8230;<\/p>\n\n\n\n<p>Rheumatologie am Rosenberg AG<\/p>\n\n\n\n<h2><strong>Curriculum Vitae<\/strong><\/h2>\n\n\n\n<ul class=\"hidden\">\n<li>Fach\u00e4rztin Innere Medizin<\/li>\n\n\n\n<li>Leitende \u00c4rztin&#8230;<\/li>\n<\/ul>\n\n\n\n<h2><strong>Berufliche T\u00e4tigkeiten<\/strong><\/h2>\n\n\n\n<p><span class=\"resume-year\">seit 2025<\/span> Leitende \u00c4rztin Rheumatologie, Rheumatologie am Rosenberg AG<\/p>\n\n\n\n<p><span class=\"resume-year\">seit 2022<\/span> Fach\u00e4rztin Innere Medizin, Medgate Telemedizin<\/p>\n\n\n\n<p><span class=\"resume-year\">2016-2024<\/span> Fach\u00e4rztin, Klinik f\u00fcr Rheumatologie und Immunologie, P\u00fcttlingen, Deutschland<\/p>\n\n\n\n<p><span class=\"resume-year\">2010-2016<\/span> Assistenz\u00e4rztin, DRK Krankenhaus Saarlouis, Deutschland<\/p>\n\n\n\n<p><span class=\"resume-year\">2013-2025<\/span> Bereitschafts\u00e4rztin, Akutgeriatrie Wallerfangen, Deutschland<\/p>\n\n\n\n<p><span class=\"resume-year\">2013-2015<\/span> \u00c4rztin, DRK Blutspendedienst Rheinland-Pfalz und Saarland, Deutschland<\/p>\n\n\n\n<h2><strong>Aus- und Weiterbildung<\/strong><\/h2>\n\n\n\n<p><span class=\"resume-year\">2019<\/span> Fach\u00e4rztin f\u00fcr Rheumatologie<\/p>\n\n\n\n<p><span class=\"resume-year\">2017<\/span> Fach\u00e4rztin f\u00fcr Innere Medizin<\/p>\n\n\n\n<p><span class=\"resume-year\">2010<\/span> Approbation als \u00c4rztin<\/p>\n\n\n\n<p><span class=\"resume-year\">2010<\/span> Promotion, Universit\u00e4t P\u00e9cs, Ungarn<\/p>\n\n\n\n<p><span class=\"resume-year\">2004-2010<\/span> Studium der Humanmedizin, Medizinische Fakult\u00e4t der Universit\u00e4t P\u00e9cs, Ungarn<\/p>\n","protected":false},"excerpt":{"rendered":"<p>Kontakt:Tel.: +41 71 223 15 10 oder E-Mail: mpa-rheumatologie-am-rosenberg@hin.ch Leitende &#8230; Rheumatologie am Rosenberg AG Curriculum Vitae Berufliche T\u00e4tigkeiten seit 2025 Leitende \u00c4rztin Rheumatologie, Rheumatologie am Rosenberg AG seit 2022 Fach\u00e4rztin Innere Medizin, Medgate Telemedizin 2016-2024 Fach\u00e4rztin, Klinik f\u00fcr Rheumatologie und Immunologie, P\u00fcttlingen, Deutschland 2010-2016 Assistenz\u00e4rztin, DRK Krankenhaus Saarlouis, Deutschland 2013-2025 Bereitschafts\u00e4rztin, Akutgeriatrie Wallerfangen, Deutschland &hellip; <\/p>\n<p class=\"link-more\"><a href=\"https:\/\/rheumatologie-am-rosenberg.ch\/?page_id=954\" class=\"more-link\"><span class=\"screen-reader-text\">\u201eDr. med. univ. Judit H\u00e1mori\u201c<\/span> weiterlesen<\/a><\/p>\n","protected":false},"author":1,"featured_media":0,"parent":0,"menu_order":0,"comment_status":"closed","ping_status":"closed","template":"","meta":[],"_links":{"self":[{"href":"https:\/\/rheumatologie-am-rosenberg.ch\/index.php?rest_route=\/wp\/v2\/pages\/954"}],"collection":[{"href":"https:\/\/rheumatologie-am-rosenberg.ch\/index.php?rest_route=\/wp\/v2\/pages"}],"about":[{"href":"https:\/\/rheumatologie-am-rosenberg.ch\/index.php?rest_route=\/wp\/v2\/types\/page"}],"author":[{"embeddable":true,"href":"https:\/\/rheumatologie-am-rosenberg.ch\/index.php?rest_route=\/wp\/v2\/users\/1"}],"replies":[{"embeddable":true,"href":"https:\/\/rheumatologie-am-rosenberg.ch\/index.php?rest_route=%2Fwp%2Fv2%2Fcomments&post=954"}],"version-history":[{"count":22,"href":"https:\/\/rheumatologie-am-rosenberg.ch\/index.php?rest_route=\/wp\/v2\/pages\/954\/revisions"}],"predecessor-version":[{"id":1188,"href":"https:\/\/rheumatologie-am-rosenberg.ch\/index.php?rest_route=\/wp\/v2\/pages\/954\/revisions\/1188"}],"wp:attachment":[{"href":"https:\/\/rheumatologie-am-rosenberg.ch\/index.php?rest_route=%2Fwp%2Fv2%2Fmedia&parent=954"}],"curies":[{"name":"wp","href":"https:\/\/api.w.org\/{rel}","templated":true}]}}