{"id":844,"date":"2025-10-27T22:15:38","date_gmt":"2025-10-27T22:15:38","guid":{"rendered":"https:\/\/rheumatologie-am-rosenberg.ch\/?page_id=844"},"modified":"2026-03-04T15:18:31","modified_gmt":"2026-03-04T15:18:31","slug":"kontakt","status":"publish","type":"page","link":"https:\/\/rheumatologie-am-rosenberg.ch\/?page_id=844","title":{"rendered":"Kontakt"},"content":{"rendered":"\n<h2><strong>Praxis\u00f6ffnungszeiten<\/strong><\/h2>\n\n\n\n<p><strong><strong><strong>Empfangszeiten<\/strong><\/strong>:<\/strong><br>Montag: 09:00-12:00 und 13:00-17:00<br>Di-Do: 08:00-12:00 und 13:00-17:00<br>Freitag: <em>geschlossen<\/em><br>Sprechzeiten nach Vereinbarung<br><br><strong>Telefonzeiten:<\/strong><br>Montag: 09:00-12:00 und 13:00-16:00<br>Di-Do: 08:00-12:00 und 13:00-16:00<br>Freitag: geschlossen<br>Tel.: 071 223 15 10 <br>Email: <a href=\"mailto:mpa-rheumatologie-am-rosenberg@hin.ch\">mpa-rheumatologie-am-rosenberg@hin.ch<\/a><\/p>\n\n\n\n<h1>Anfahrt<\/h1>\n\n\n\n<p><strong>NEUE ADRESSE SEIT SEPTEMBER 2024:<\/strong><br><a href=\"https:\/\/www.google.com\/maps\/dir\/\/Rheumatologie+am+Rosenberg+AG+-+Dr.+med.+Holger+Frauendorf+Lerchentalstrasse+2a+9016+St.+Gallen\/@47.4416267,9.4136771,16z\/data=!4m5!4m4!1m0!1m2!1m1!1s0x479b1f29cdf8ee8d:0xb8274b144b6dd614\">Lerchentalstrasse 2a<br>9016 St. Gallen<\/a><br>Praxis im 3. Stock mit Lift erreichbar<\/p>\n\n\n\n<iframe src=\"https:\/\/www.google.com\/maps\/embed?pb=!1m18!1m12!1m3!1d3320.3922690212776!2d9.411102176785516!3d47.4416302993544!2m3!1f0!2f0!3f0!3m2!1i1024!2i768!4f13.1!3m3!1m2!1s0x479b1f29cdf8ee8d%3A0xb8274b144b6dd614!2sRheumatologie%20am%20Rosenberg%20AG%20-%20Dr.%20med.%20Holger%20Frauendorf!5e1!3m2!1sen!2sch!4v1733155698242!5m2!1sen!2sch\" width=\"700\" height=\"450\" style=\"border:0;\" allowfullscreen=\"\" loading=\"lazy\" referrerpolicy=\"no-referrer-when-downgrade\"><\/iframe>\n\n\n\n<h2><strong>Parkm\u00f6glichkeiten<\/strong><\/h2>\n\n\n\n<p><strong>Bitte nutzen Sie die ausgewiesenen Parkpl\u00e4tze<\/strong><br>Tiefgarage,  Aussenparkpl\u00e4tze inkl. IV-Parkplatz <\/p>\n\n\n\n<p style=\"margin-bottom: 0.2rem;\"><strong>Wichtig:<\/strong><\/p>\n\n\n\n<ul>\n<li>Die Einfahrt zur Tiefgarage befindet sich rechts, sobald Sie auf den Hof einfahren.<\/li>\n\n\n\n<li>Bitte parkieren Sie nur auf den Parkpl\u00e4tzen der Praxis, bei der Sie Ihren Termin haben.<\/li>\n\n\n\n<li>Ab 01.11.2025 sind alle Parkpl\u00e4tze kostenpflichtig.<br>Die Bezahlung erfolgt am Parkautomaten am Empfang (3. OG) \u2013 nur Barzahlung (M\u00fcnzen) m\u00f6glich.<\/li>\n\n\n\n<li>Das Parkieren auf fremden Praxis- oder Firmenparkpl\u00e4tzen ist nicht gestattet und wird geb\u00fcsst.<\/li>\n<\/ul>\n\n\n<div class=\"wp-block-image is-style-default hidden\">\n<figure class=\"alignleft size-medium is-resized\"><img decoding=\"async\" loading=\"lazy\" src=\"https:\/\/rheumatologie-am-rosenberg.ch\/wp-content\/uploads\/2024\/10\/RaR-Parkgarage-1-300x212.png\" alt=\"\" class=\"wp-image-819\" width=\"592\" height=\"419\" srcset=\"https:\/\/rheumatologie-am-rosenberg.ch\/wp-content\/uploads\/2024\/10\/RaR-Parkgarage-1-300x212.png 300w, https:\/\/rheumatologie-am-rosenberg.ch\/wp-content\/uploads\/2024\/10\/RaR-Parkgarage-1-1024x724.png 1024w, https:\/\/rheumatologie-am-rosenberg.ch\/wp-content\/uploads\/2024\/10\/RaR-Parkgarage-1-768x543.png 768w, https:\/\/rheumatologie-am-rosenberg.ch\/wp-content\/uploads\/2024\/10\/RaR-Parkgarage-1-1536x1086.png 1536w, https:\/\/rheumatologie-am-rosenberg.ch\/wp-content\/uploads\/2024\/10\/RaR-Parkgarage-1.png 2000w\" sizes=\"(max-width: 592px) 100vw, 592px\" \/><\/figure><\/div>","protected":false},"excerpt":{"rendered":"<p>Praxis\u00f6ffnungszeiten Empfangszeiten:Montag: 09:00-12:00 und 13:00-17:00Di-Do: 08:00-12:00 und 13:00-17:00Freitag: geschlossenSprechzeiten nach Vereinbarung Telefonzeiten:Montag: 09:00-12:00 und 13:00-16:00Di-Do: 08:00-12:00 und 13:00-16:00Freitag: geschlossenTel.: 071 223 15 10 Email: mpa-rheumatologie-am-rosenberg@hin.ch Anfahrt NEUE ADRESSE SEIT SEPTEMBER 2024:Lerchentalstrasse 2a9016 St. GallenPraxis im 3. Stock mit Lift erreichbar Parkm\u00f6glichkeiten Bitte nutzen Sie die ausgewiesenen Parkpl\u00e4tzeTiefgarage, Aussenparkpl\u00e4tze inkl. IV-Parkplatz Wichtig:<\/p>\n","protected":false},"author":1,"featured_media":0,"parent":0,"menu_order":0,"comment_status":"closed","ping_status":"closed","template":"","meta":[],"_links":{"self":[{"href":"https:\/\/rheumatologie-am-rosenberg.ch\/index.php?rest_route=\/wp\/v2\/pages\/844"}],"collection":[{"href":"https:\/\/rheumatologie-am-rosenberg.ch\/index.php?rest_route=\/wp\/v2\/pages"}],"about":[{"href":"https:\/\/rheumatologie-am-rosenberg.ch\/index.php?rest_route=\/wp\/v2\/types\/page"}],"author":[{"embeddable":true,"href":"https:\/\/rheumatologie-am-rosenberg.ch\/index.php?rest_route=\/wp\/v2\/users\/1"}],"replies":[{"embeddable":true,"href":"https:\/\/rheumatologie-am-rosenberg.ch\/index.php?rest_route=%2Fwp%2Fv2%2Fcomments&post=844"}],"version-history":[{"count":39,"href":"https:\/\/rheumatologie-am-rosenberg.ch\/index.php?rest_route=\/wp\/v2\/pages\/844\/revisions"}],"predecessor-version":[{"id":1393,"href":"https:\/\/rheumatologie-am-rosenberg.ch\/index.php?rest_route=\/wp\/v2\/pages\/844\/revisions\/1393"}],"wp:attachment":[{"href":"https:\/\/rheumatologie-am-rosenberg.ch\/index.php?rest_route=%2Fwp%2Fv2%2Fmedia&parent=844"}],"curies":[{"name":"wp","href":"https:\/\/api.w.org\/{rel}","templated":true}]}}