{"id":68,"date":"2019-04-06T14:23:00","date_gmt":"2019-04-06T14:23:00","guid":{"rendered":"http:\/\/rheumatologie-am-rosenberg.ch\/?page_id=68"},"modified":"2025-10-28T02:01:13","modified_gmt":"2025-10-28T02:01:13","slug":"impressum","status":"publish","type":"page","link":"https:\/\/rheumatologie-am-rosenberg.ch\/?page_id=68","title":{"rendered":"Impressum"},"content":{"rendered":"\n<h2><strong>Kontakt<\/strong><\/h2>\n\n\n\n<p><strong>Rheumatologie am Rosenberg AG<\/strong><br>Lerchentalstrasse 2a<br>9016 St. Gallen<br>Telefon: +41 71 223 15 10<br>E-Mail: <a href=\"mailto:mpa-rheumatologie-am-rosenberg@hin.ch\" target=\"_blank\" rel=\"noreferrer noopener\">mpa-rheumatologie-am-rosenberg@hin.ch<\/a><\/p>\n\n\n\n<h2><strong>Datenschutzerkl\u00e4rung<\/strong><\/h2>\n\n\n\n<p><em>Stand: 12. Dezember 2023<\/em><\/p>\n\n\n\n<p>Diese Datenschutzerkl\u00e4rung erl\u00e4utert, wie Rheumatologie am Rosenberg AG personenbezogene Daten sammelt und verarbeitet. Unter personenbezogenen Daten verstehen wir alle Informationen, die sich auf identifizierte oder identifizierbare nat\u00fcrliche Personen beziehen.<\/p>\n\n\n\n<p>Sollten Sie uns personenbezogene Daten Dritter zur Verf\u00fcgung stellen, stellen Sie bitte sicher, dass diese Personen mit dieser Datenschutzerkl\u00e4rung einverstanden sind und dass Sie die Daten korrekt und berechtigt \u00fcbermitteln.<\/p>\n\n\n\n<p>Unsere Datenschutzpraxis orientiert sich an der EU-Datenschutz-Grundverordnung (DSGVO) sowie den Bestimmungen des Schweizer Datenschutzgesetzes (DSG).<\/p>\n\n\n\n<ol>\n<li><strong>Verantwortlichkeit<\/strong><\/li>\n<\/ol>\n\n\n\n<p>Verantwortlich f\u00fcr die Datenverarbeitungen, die in dieser Erkl\u00e4rung beschrieben sind, ist Rheumatologie am Rosenberg AG, rheumatologie-am-rosenberg@hin.ch. F\u00fcr Datenschutzbelange kontaktieren Sie uns bitte unter der Adresse: rheumatologie-am-rosenberg@hin.ch oder per E-Mail an rheumatologie-am-rosenberg@hin.ch mit dem Betreff &#8222;Datenschutz&#8220;.<\/p>\n\n\n\n<ol start=\"2\">\n<li><strong>Sammlung und Verarbeitung personenbezogener Daten und deren Zweck<\/strong><\/li>\n<\/ol>\n\n\n\n<p>2.1<strong> Allgemeines<\/strong><\/p>\n\n\n\n<p>Wir verarbeiten jene personenbezogenen Daten, die wir im Rahmen unserer Gesch\u00e4ftsbeziehungen von unseren Kunden und Gesch\u00e4ftspartnern erhalten, sowie Daten, die wir \u00fcber unsere Website und andere Anwendungen von Nutzern erfassen.<\/p>\n\n\n\n<p>Unser Ziel ist es, unsere Dienstleistungen anzubieten und unseren rechtlichen Verpflichtungen nachzukommen. Dar\u00fcber hinaus verarbeiten wir Daten zu weiteren Zwecken, bei denen wir oder Dritte ein berechtigtes Interesse haben k\u00f6nnten, unter Ber\u00fccksichtigung der \u00e4rztlichen Schweigepflicht sowie datenschutzrechtlicher Bestimmungen.<\/p>\n\n\n\n<p>2.3<strong> Website-Zugriffsdaten<\/strong><\/p>\n\n\n\n<p>Bei jedem Aufruf unserer Website werden allgemeine Daten und Informationen erfasst, die in Server-Logfiles gespeichert werden. Dazu geh\u00f6ren unter anderem Browsertyp und -version, Betriebssystem des Zugriffsger\u00e4ts, Referrer-URLs, aufgerufene Unterseiten, Datum und Uhrzeit des Zugriffs, IP-Adresse, Internet-Service-Provider des zugreifenden Systems und weitere \u00e4hnliche Daten zur IT-Sicherheit.<\/p>\n\n\n\n<p>Diese Informationen sind notwendig, um (1) die Inhalte unserer Website korrekt anzuzeigen, (2) unsere Website zu optimieren, (3) die dauerhafte Funktionsf\u00e4higkeit unserer IT-Infrastruktur zu gew\u00e4hrleisten und (4) im Falle eines Cyberangriffs notwendige Informationen an Strafverfolgungsbeh\u00f6rden zu liefern. Diese Daten werden ausschliesslich zu den genannten Zwecken verarbeitet und getrennt von personenbezogenen Angaben gespeichert.<\/p>\n\n\n\n<p>2.4<strong> Cookies und weitere Dienste<\/strong><\/p>\n\n\n\n<p>Unsere Website verwendet \u201eCookies\u201c und \u00e4hnliche Technologien, um Ihren Browser oder Ihr Ger\u00e4t zu identifizieren und Ihnen ein optimales Besuchererlebnis zu bieten. Sie k\u00f6nnen in Ihren Browser-Einstellungen die Verwendung von Cookies blockieren, Warnungen vor Cookies anfordern oder Cookies nachtr\u00e4glich l\u00f6schen.<\/p>\n\n\n\n<p>2.5<strong> Daten zur Vertragserf\u00fcllung<\/strong><\/p>\n\n\n\n<p>Wir verarbeiten personenbezogene Daten, die f\u00fcr die Erf\u00fcllung unserer vertraglichen Verpflichtungen erforderlich sind, wie Name, Adresse, E-Mail-Adresse, Rechnungs- und Zahlungsdaten und ggf. Gesundheitsdaten. Diese Daten werden nach Ablauf der gesetzlichen Aufbewahrungsfristen gel\u00f6scht.<\/p>\n\n\n\n<p>2.6<strong> Kommunikationsm\u00f6glichkeiten<\/strong><\/p>\n\n\n\n<p>Unsere Website erm\u00f6glicht eine direkte Kommunikation mit uns, einschliesslich einer allgemeinen E-Mail-Adresse. Ihre Angaben werden ausschliesslich zur Bearbeitung Ihrer Anfragen verwendet.<\/p>\n\n\n\n<ol start=\"3\">\n<li><strong>Aufbewahrungsdauer personenbezogener Daten<\/strong><\/li>\n<\/ol>\n\n\n\n<p>Wir speichern Ihre Daten solange, wie es f\u00fcr die jeweiligen Zwecke erforderlich ist und dar\u00fcber hinaus gem\u00e4ss gesetzlichen Vorschriften.<\/p>\n\n\n\n<ol start=\"4\">\n<li><strong>Ihre Rechte<\/strong><\/li>\n<\/ol>\n\n\n\n<p>Sie haben das Recht auf Auskunft, Berichtigung, L\u00f6schung Ihrer Daten, Einschr\u00e4nkung der Verarbeitung und Datenportabilit\u00e4t. Bitte beachten Sie, dass wir gesetzliche Einschr\u00e4nkungen geltend machen k\u00f6nnen. Beschwerderecht besteht bei der zust\u00e4ndigen Datenschutzbeh\u00f6rde.<\/p>\n\n\n\n<ol start=\"5\">\n<li><strong>Datensicherheit<\/strong><\/li>\n<\/ol>\n\n\n\n<p>Wir treffen angemessene Sicherheitsvorkehrungen zum Schutz Ihrer Daten. Der Zugang zu unserer Website erfolgt \u00fcber das offene Internet, und die Daten\u00fcbermittlung \u00fcber dieses Medium gilt als unsicher.<\/p>\n\n\n\n<ol start=\"6\">\n<li><strong>Weitergabe von Daten an Dritte<\/strong><\/li>\n<\/ol>\n\n\n\n<p>Eine Weitergabe Ihrer Daten an Dritte erfolgt nur, wenn Sie eingewilligt haben oder dies gesetzlich erlaubt ist.<\/p>\n\n\n\n<ol start=\"7\">\n<li><strong>Links zu anderen Websites<\/strong><\/li>\n<\/ol>\n\n\n\n<p>Unsere Website kann Links zu anderen Anbietern enthalten. Wir haben keinen Einfluss auf deren Datenschutzpraktiken.<\/p>\n\n\n\n<ol start=\"8\">\n<li><strong>\u00c4nderungen<\/strong><\/li>\n<\/ol>\n\n\n\n<p>Wir behalten uns das Recht vor, diese Datenschutzerkl\u00e4rung jederzeit anzupassen. Die aktuellste Version finden Sie auf unserer Website.<\/p>\n","protected":false},"excerpt":{"rendered":"<p>Kontakt Rheumatologie am Rosenberg AGLerchentalstrasse 2a9016 St. GallenTelefon: +41 71 223 15 10E-Mail: mpa-rheumatologie-am-rosenberg@hin.ch Datenschutzerkl\u00e4rung Stand: 12. Dezember 2023 Diese Datenschutzerkl\u00e4rung erl\u00e4utert, wie Rheumatologie am Rosenberg AG personenbezogene Daten sammelt und verarbeitet. Unter personenbezogenen Daten verstehen wir alle Informationen, die sich auf identifizierte oder identifizierbare nat\u00fcrliche Personen beziehen. Sollten Sie uns personenbezogene Daten Dritter zur &hellip; <\/p>\n<p class=\"link-more\"><a href=\"https:\/\/rheumatologie-am-rosenberg.ch\/?page_id=68\" class=\"more-link\"><span class=\"screen-reader-text\">\u201eImpressum\u201c<\/span> weiterlesen<\/a><\/p>\n","protected":false},"author":1,"featured_media":0,"parent":0,"menu_order":0,"comment_status":"closed","ping_status":"closed","template":"","meta":[],"_links":{"self":[{"href":"https:\/\/rheumatologie-am-rosenberg.ch\/index.php?rest_route=\/wp\/v2\/pages\/68"}],"collection":[{"href":"https:\/\/rheumatologie-am-rosenberg.ch\/index.php?rest_route=\/wp\/v2\/pages"}],"about":[{"href":"https:\/\/rheumatologie-am-rosenberg.ch\/index.php?rest_route=\/wp\/v2\/types\/page"}],"author":[{"embeddable":true,"href":"https:\/\/rheumatologie-am-rosenberg.ch\/index.php?rest_route=\/wp\/v2\/users\/1"}],"replies":[{"embeddable":true,"href":"https:\/\/rheumatologie-am-rosenberg.ch\/index.php?rest_route=%2Fwp%2Fv2%2Fcomments&post=68"}],"version-history":[{"count":9,"href":"https:\/\/rheumatologie-am-rosenberg.ch\/index.php?rest_route=\/wp\/v2\/pages\/68\/revisions"}],"predecessor-version":[{"id":1033,"href":"https:\/\/rheumatologie-am-rosenberg.ch\/index.php?rest_route=\/wp\/v2\/pages\/68\/revisions\/1033"}],"wp:attachment":[{"href":"https:\/\/rheumatologie-am-rosenberg.ch\/index.php?rest_route=%2Fwp%2Fv2%2Fmedia&parent=68"}],"curies":[{"name":"wp","href":"https:\/\/api.w.org\/{rel}","templated":true}]}}