{"id":134,"date":"2019-04-10T05:12:54","date_gmt":"2019-04-10T05:12:54","guid":{"rendered":"http:\/\/rheumatologie-am-rosenberg.ch\/?page_id=134"},"modified":"2026-03-04T15:28:24","modified_gmt":"2026-03-04T15:28:24","slug":"startseite","status":"publish","type":"page","link":"https:\/\/rheumatologie-am-rosenberg.ch\/","title":{"rendered":"Startseite"},"content":{"rendered":"\n<h2>Namens\u00e4nderung unseres Zentrums<\/h2>\n\n\n\n<p>Unser Zentrum tritt neu unter dem Namen:<br><strong>Interdisziplin\u00e4res Rheuma- &amp; Schmerz-Zentrum<\/strong> (IRSZ) auf.<br><br>Damit machen wir unsere interdisziplin\u00e4re Zusammenarbeit noch klarer sichtbar.<br>Im Zuge dessen werden unsere E-Mail-Adressen schrittweise auf @irsz.ch angepasst.<br>Die Rheumatologie am Rosenberg AG bleibt als juristische Tr\u00e4gerschaft unver\u00e4ndert bestehen.<br><br>F\u00fcr Sie entstehen keine \u00c4nderungen in Ihrer Behandlung oder Betreuung.<\/p>\n\n\n\n<p>Vielen Dank f\u00fcr Ihr Vertrauen<\/p>\n\n\n\n<hr class=\"wp-block-separator has-alpha-channel-opacity\"\/>\n\n\n\n<figure class=\"wp-block-image size-large\"><img decoding=\"async\" loading=\"lazy\" width=\"1024\" height=\"1024\" src=\"https:\/\/rheumatologie-am-rosenberg.ch\/wp-content\/uploads\/2026\/02\/Sand-Weiss-Elegant-Fotografie-Ferien-Urlaub-Instagram-Beitrag-2-1024x1024.png\" alt=\"\" class=\"wp-image-1332\" srcset=\"https:\/\/rheumatologie-am-rosenberg.ch\/wp-content\/uploads\/2026\/02\/Sand-Weiss-Elegant-Fotografie-Ferien-Urlaub-Instagram-Beitrag-2-1024x1024.png 1024w, https:\/\/rheumatologie-am-rosenberg.ch\/wp-content\/uploads\/2026\/02\/Sand-Weiss-Elegant-Fotografie-Ferien-Urlaub-Instagram-Beitrag-2-300x300.png 300w, https:\/\/rheumatologie-am-rosenberg.ch\/wp-content\/uploads\/2026\/02\/Sand-Weiss-Elegant-Fotografie-Ferien-Urlaub-Instagram-Beitrag-2-150x150.png 150w, https:\/\/rheumatologie-am-rosenberg.ch\/wp-content\/uploads\/2026\/02\/Sand-Weiss-Elegant-Fotografie-Ferien-Urlaub-Instagram-Beitrag-2-768x768.png 768w, https:\/\/rheumatologie-am-rosenberg.ch\/wp-content\/uploads\/2026\/02\/Sand-Weiss-Elegant-Fotografie-Ferien-Urlaub-Instagram-Beitrag-2-100x100.png 100w, https:\/\/rheumatologie-am-rosenberg.ch\/wp-content\/uploads\/2026\/02\/Sand-Weiss-Elegant-Fotografie-Ferien-Urlaub-Instagram-Beitrag-2.png 1080w\" sizes=\"(max-width: 767px) 89vw, (max-width: 1000px) 54vw, (max-width: 1071px) 543px, 580px\" \/><\/figure>\n\n\n\n<h2 class=\"hidden\"><strong>Karriere<\/strong><\/h2>\n\n\n\n<figure class=\"wp-block-image size-large is-resized is-style-default hidden\"><img decoding=\"async\" loading=\"lazy\" src=\"https:\/\/rheumatologie-am-rosenberg.ch\/wp-content\/uploads\/2024\/09\/RaR-I-Umzug-1-1024x576.png\" alt=\"\" class=\"wp-image-768\" width=\"601\" height=\"338\" srcset=\"https:\/\/rheumatologie-am-rosenberg.ch\/wp-content\/uploads\/2024\/09\/RaR-I-Umzug-1-1024x576.png 1024w, https:\/\/rheumatologie-am-rosenberg.ch\/wp-content\/uploads\/2024\/09\/RaR-I-Umzug-1-300x169.png 300w, https:\/\/rheumatologie-am-rosenberg.ch\/wp-content\/uploads\/2024\/09\/RaR-I-Umzug-1-768x432.png 768w, https:\/\/rheumatologie-am-rosenberg.ch\/wp-content\/uploads\/2024\/09\/RaR-I-Umzug-1-1536x864.png 1536w, https:\/\/rheumatologie-am-rosenberg.ch\/wp-content\/uploads\/2024\/09\/RaR-I-Umzug-1.png 1920w\" sizes=\"(max-width: 601px) 100vw, 601px\" \/><\/figure>\n\n\n\n<figure class=\"wp-block-image size-medium is-resized is-style-default hidden\"><img decoding=\"async\" loading=\"lazy\" src=\"https:\/\/rheumatologie-am-rosenberg.ch\/wp-content\/uploads\/2024\/10\/RaR-Parkgarage-1-300x212.png\" alt=\"\" class=\"wp-image-819\" width=\"522\" height=\"369\" srcset=\"https:\/\/rheumatologie-am-rosenberg.ch\/wp-content\/uploads\/2024\/10\/RaR-Parkgarage-1-300x212.png 300w, https:\/\/rheumatologie-am-rosenberg.ch\/wp-content\/uploads\/2024\/10\/RaR-Parkgarage-1-1024x724.png 1024w, https:\/\/rheumatologie-am-rosenberg.ch\/wp-content\/uploads\/2024\/10\/RaR-Parkgarage-1-768x543.png 768w, https:\/\/rheumatologie-am-rosenberg.ch\/wp-content\/uploads\/2024\/10\/RaR-Parkgarage-1-1536x1086.png 1536w, https:\/\/rheumatologie-am-rosenberg.ch\/wp-content\/uploads\/2024\/10\/RaR-Parkgarage-1.png 2000w\" sizes=\"(max-width: 522px) 100vw, 522px\" \/><\/figure>\n\n\n\n<div class=\"is-layout-constrained wp-block-group hidden\"><div class=\"wp-block-group__inner-container\">\n<p><strong>Sprechzeiten nach Vereinbarung:<\/strong><br>Telefonzeiten: <br>Montag &#8211; Donnerstag: 08:00-11:30 \/ 13:00 &#8211; 16:00 Uhr<br>Freitag: geschlossen<br>Hauptnummer: 071 223 15 10 <br>E-Mail: <a href=\"mailto:mpa-rheumatologie-am-rosenberg@hin.ch\">mpa-rheumatologie-am-rosenberg@hin.ch<\/a><\/p>\n\n\n\n<p><strong>NEUE ADRESSE SEIT 2. SEPTEMBER 2024:<\/strong><br>Lerchentalstrasse 2a<br>9016 St. Gallen<br>Praxis im 3 Stock mit Lift erreichbar<\/p>\n<\/div><\/div>\n\n\n\n<figure class=\"wp-block-image size-large\"><img decoding=\"async\" loading=\"lazy\" width=\"1024\" height=\"576\" src=\"https:\/\/rheumatologie-am-rosenberg.ch\/wp-content\/uploads\/2026\/03\/Blue-Gradient-Modern-IT-Solutions-Technology-Presentation-1-1024x576.png\" alt=\"\" class=\"wp-image-1394\" srcset=\"https:\/\/rheumatologie-am-rosenberg.ch\/wp-content\/uploads\/2026\/03\/Blue-Gradient-Modern-IT-Solutions-Technology-Presentation-1-1024x576.png 1024w, https:\/\/rheumatologie-am-rosenberg.ch\/wp-content\/uploads\/2026\/03\/Blue-Gradient-Modern-IT-Solutions-Technology-Presentation-1-300x169.png 300w, https:\/\/rheumatologie-am-rosenberg.ch\/wp-content\/uploads\/2026\/03\/Blue-Gradient-Modern-IT-Solutions-Technology-Presentation-1-768x432.png 768w, https:\/\/rheumatologie-am-rosenberg.ch\/wp-content\/uploads\/2026\/03\/Blue-Gradient-Modern-IT-Solutions-Technology-Presentation-1-1536x864.png 1536w, https:\/\/rheumatologie-am-rosenberg.ch\/wp-content\/uploads\/2026\/03\/Blue-Gradient-Modern-IT-Solutions-Technology-Presentation-1.png 1920w\" sizes=\"(max-width: 767px) 89vw, (max-width: 1000px) 54vw, (max-width: 1071px) 543px, 580px\" \/><\/figure>\n","protected":false},"excerpt":{"rendered":"<p>Namens\u00e4nderung unseres Zentrums Unser Zentrum tritt neu unter dem Namen:Interdisziplin\u00e4res Rheuma- &amp; Schmerz-Zentrum (IRSZ) auf. Damit machen wir unsere interdisziplin\u00e4re Zusammenarbeit noch klarer sichtbar.Im Zuge dessen werden unsere E-Mail-Adressen schrittweise auf @irsz.ch angepasst.Die Rheumatologie am Rosenberg AG bleibt als juristische Tr\u00e4gerschaft unver\u00e4ndert bestehen. F\u00fcr Sie entstehen keine \u00c4nderungen in Ihrer Behandlung oder Betreuung. Vielen Dank &hellip; <\/p>\n<p class=\"link-more\"><a href=\"https:\/\/rheumatologie-am-rosenberg.ch\/\" class=\"more-link\"><span class=\"screen-reader-text\">\u201eStartseite\u201c<\/span> weiterlesen<\/a><\/p>\n","protected":false},"author":2,"featured_media":0,"parent":0,"menu_order":0,"comment_status":"closed","ping_status":"closed","template":"","meta":[],"_links":{"self":[{"href":"https:\/\/rheumatologie-am-rosenberg.ch\/index.php?rest_route=\/wp\/v2\/pages\/134"}],"collection":[{"href":"https:\/\/rheumatologie-am-rosenberg.ch\/index.php?rest_route=\/wp\/v2\/pages"}],"about":[{"href":"https:\/\/rheumatologie-am-rosenberg.ch\/index.php?rest_route=\/wp\/v2\/types\/page"}],"author":[{"embeddable":true,"href":"https:\/\/rheumatologie-am-rosenberg.ch\/index.php?rest_route=\/wp\/v2\/users\/2"}],"replies":[{"embeddable":true,"href":"https:\/\/rheumatologie-am-rosenberg.ch\/index.php?rest_route=%2Fwp%2Fv2%2Fcomments&post=134"}],"version-history":[{"count":132,"href":"https:\/\/rheumatologie-am-rosenberg.ch\/index.php?rest_route=\/wp\/v2\/pages\/134\/revisions"}],"predecessor-version":[{"id":1396,"href":"https:\/\/rheumatologie-am-rosenberg.ch\/index.php?rest_route=\/wp\/v2\/pages\/134\/revisions\/1396"}],"wp:attachment":[{"href":"https:\/\/rheumatologie-am-rosenberg.ch\/index.php?rest_route=%2Fwp%2Fv2%2Fmedia&parent=134"}],"curies":[{"name":"wp","href":"https:\/\/api.w.org\/{rel}","templated":true}]}}