{"id":1184,"date":"2025-11-02T19:59:40","date_gmt":"2025-11-02T19:59:40","guid":{"rendered":"https:\/\/rheumatologie-am-rosenberg.ch\/?page_id=1184"},"modified":"2025-11-03T19:56:50","modified_gmt":"2025-11-03T19:56:50","slug":"dr-med-univ-florian-novak","status":"publish","type":"page","link":"https:\/\/rheumatologie-am-rosenberg.ch\/?page_id=1184","title":{"rendered":"Dr. med. univ. Florian Novak"},"content":{"rendered":"\n<figure class=\"wp-block-image size-large is-resized\"><img decoding=\"async\" loading=\"lazy\" src=\"https:\/\/rheumatologie-am-rosenberg.ch\/wp-content\/uploads\/2025\/11\/Florian-Novak-768x1024.jpg\" alt=\"\" class=\"wp-image-1218\" width=\"368\" height=\"490\" srcset=\"https:\/\/rheumatologie-am-rosenberg.ch\/wp-content\/uploads\/2025\/11\/Florian-Novak-768x1024.jpg 768w, https:\/\/rheumatologie-am-rosenberg.ch\/wp-content\/uploads\/2025\/11\/Florian-Novak-225x300.jpg 225w, https:\/\/rheumatologie-am-rosenberg.ch\/wp-content\/uploads\/2025\/11\/Florian-Novak-1152x1536.jpg 1152w, https:\/\/rheumatologie-am-rosenberg.ch\/wp-content\/uploads\/2025\/11\/Florian-Novak-1536x2048.jpg 1536w, https:\/\/rheumatologie-am-rosenberg.ch\/wp-content\/uploads\/2025\/11\/Florian-Novak-scaled.jpg 1920w\" sizes=\"(max-width: 368px) 100vw, 368px\" \/><\/figure>\n\n\n\n<p><strong>Kontakt:<\/strong><br>Tel.: +41 71 223 15 10 oder E-Mail: <a href=\"mailto:mpa-rheumatologie-am-rosenberg@hin.ch\">mpa-rheumatologie-am-rosenberg@hin.ch<\/a><\/p>\n\n\n\n<p>Rheumatologie am Rosenberg AG<\/p>\n\n\n<figure class=\"size-full is-resized\"><a href=\"https:\/\/rheumatologie-am-rosenberg.ch\/wp-content\/uploads\/2025\/11\/mesotherapie_flyer.pdf\" target=\"_blank\" rel=\"noreferrer noopener\"><img decoding=\"async\" loading=\"lazy\" class=\"wp-image-1203\" src=\"http:\/\/rheumatologie-am-rosenberg.ch\/wp-content\/uploads\/2025\/11\/pdf-svgrepo-com.png\" alt=\"\" width=\"27\" height=\"27\" srcset=\"https:\/\/rheumatologie-am-rosenberg.ch\/wp-content\/uploads\/2025\/11\/pdf-svgrepo-com.png 400w, https:\/\/rheumatologie-am-rosenberg.ch\/wp-content\/uploads\/2025\/11\/pdf-svgrepo-com-300x300.png 300w, https:\/\/rheumatologie-am-rosenberg.ch\/wp-content\/uploads\/2025\/11\/pdf-svgrepo-com-150x150.png 150w, https:\/\/rheumatologie-am-rosenberg.ch\/wp-content\/uploads\/2025\/11\/pdf-svgrepo-com-100x100.png 100w\" sizes=\"(max-width: 27px) 100vw, 27px\" \/><\/a><\/figure>\n\n\n<h2><strong>Curriculum Vitae<\/strong><\/h2>\n\n\n\n<h2><strong>Berufliche T\u00e4tigkeiten<\/strong><\/h2>\n\n\n\n<p><span class=\"resume-year\">seit 2020<\/span> Praxisarzt in der Rheumatologie am Rosenberg AG<\/p>\n\n\n\n<p><span class=\"resume-year\">seit 2018<\/span> Praxisarzt in der Gemeinschaftspraxis Orthop\u00e4die Ost<\/p>\n\n\n\n<p><span class=\"resume-year\">2016-2018<\/span> Assistenzarzt f\u00fcr Orthop\u00e4die und Wirbels\u00e4ulenchirurgie Berit Klink Speicher<\/p>\n\n\n\n<p><span class=\"resume-year\">2013-2015<\/span> Assistenzarzt f\u00fcr Orthop\u00e4die und Chirurgie, Spital Grabs, Schweiz<\/p>\n\n\n\n<p><span class=\"resume-year\">2012-2013<\/span> Assistenzarzt f\u00fcr Chirurgie, Kantonsspital Sankt Gallen, Schweiz<\/p>\n\n\n\n<p><span class=\"resume-year\">2011-2012<\/span> Assistenzarzt, Orthop\u00e4die am Rosenberg, Schweiz<\/p>\n\n\n\n<p><span class=\"resume-year\">2007-2010<\/span> Turnusausbildung, Landeskrankenhaus Villach, \u00d6sterreich<\/p>\n\n\n\n<p><span class=\"resume-year\">2006-2007<\/span> Lehrarztpraxis, Dr. K\u00f6hler \u2013 Facharzt f\u00fcr Orthop\u00e4die und Unfallchirurgie, Hermagor, \u00d6sterreich<\/p>\n\n\n\n<p><span class=\"resume-year\">2006-2007<\/span> Lehrarztpraxis, Dr. Ehrenfried \u2013 Allgemeinmedizin, Villach, \u00d6sterreich<\/p>\n\n\n\n<h2><strong>Aus- und Weiterbildung<\/strong><\/h2>\n\n\n\n<p><span class=\"resume-year\">2025<\/span> Ausbildung Stosswellentherapie DIGEST<\/p>\n\n\n\n<p><span class=\"resume-year\">seit 2023<\/span> Ausbildung Neuraltherapie SANTH<\/p>\n\n\n\n<p><span class=\"resume-year\">2023<\/span> Interdisziplin\u00e4rer Schwerpunkt Manuelle Medizin SAMM<\/p>\n\n\n\n<p><span class=\"resume-year\">2021<\/span> Fortbildung Low Level Laser<\/p>\n\n\n\n<p><span class=\"resume-year\">2018<\/span> Facharztpr\u00fcfung f\u00fcr Orthop\u00e4die und orthop\u00e4dische Chirurgie, Linz, \u00d6sterreich<\/p>\n\n\n\n<p><span class=\"resume-year\">2018<\/span> Ausbildung zur Mesotherapie, \u00d6sterreich<\/p>\n\n\n\n<p><span class=\"resume-year\">2015<\/span> Traumakurs AIOD, Alpbach, \u00d6sterreich<\/p>\n\n\n\n<p><span class=\"resume-year\">2015<\/span> ATLS Kurs, Basel, Schweiz<\/p>\n\n\n\n<p><span class=\"resume-year\">2014<\/span> Handchirurgiebasiskurs, Wien, \u00d6sterreich<\/p>\n\n\n\n<p><span class=\"resume-year\">2014<\/span> Arthroskopie-Fortgeschrittenenkurs, Arosa, Schweiz<\/p>\n\n\n\n<p><span class=\"resume-year\">2012<\/span> AO-Traumakurs \u201eZugangswege und Osteosynthesen\u201c, Graz, \u00d6sterreich<\/p>\n\n\n\n<p><span class=\"resume-year\">2012<\/span> Basiskurs Arthroskopie, Arosa, Schweiz<\/p>\n\n\n\n<p><span class=\"resume-year\">2011<\/span> Basiskurs Chirurgische Nahttechnik, Schweiz<\/p>\n\n\n\n<p><span class=\"resume-year\">2009<\/span> Diplom f\u00fcr Allgemeinmedizin, \u00d6sterreich<\/p>\n\n\n\n<p><span class=\"resume-year\">2009<\/span> Notarztdiplom, \u00d6sterreich<\/p>\n\n\n\n<p><span class=\"resume-year\">2005<\/span> Vertiefende Ausbildung p\u00e4diatrische Krankheitsbilder \/ Bedside Teaching bei Prof. Kerbl, Universit\u00e4tsklinikum Graz, \u00d6sterreich<\/p>\n\n\n\n<p><span class=\"resume-year\">1996-2005<\/span> Studium der Humanmedizin, Karl-Franzens-Universit\u00e4t Graz, \u00d6sterreich<\/p>\n\n\n\n<p><span class=\"resume-year\">1996-2005<\/span> Famulaturen in den Bereichen Chirurgie, Psychiatrie, Neurologie, Innere Medizin, Kinder- und Jugendheilkunde, \u00d6sterreich und Schweiz<\/p>\n\n\n\n<p><span class=\"resume-year\">1987-1995<\/span> Bundesrealgymnasium, Wien und Villach, \u00d6sterreich<\/p>\n\n\n\n<p><\/p>\n","protected":false},"excerpt":{"rendered":"<p>Kontakt:Tel.: +41 71 223 15 10 oder E-Mail: mpa-rheumatologie-am-rosenberg@hin.ch Rheumatologie am Rosenberg AG Curriculum Vitae Berufliche T\u00e4tigkeiten seit 2020 Praxisarzt in der Rheumatologie am Rosenberg AG seit 2018 Praxisarzt in der Gemeinschaftspraxis Orthop\u00e4die Ost 2016-2018 Assistenzarzt f\u00fcr Orthop\u00e4die und Wirbels\u00e4ulenchirurgie Berit Klink Speicher 2013-2015 Assistenzarzt f\u00fcr Orthop\u00e4die und Chirurgie, Spital Grabs, Schweiz 2012-2013 Assistenzarzt f\u00fcr &hellip; <\/p>\n<p class=\"link-more\"><a href=\"https:\/\/rheumatologie-am-rosenberg.ch\/?page_id=1184\" class=\"more-link\"><span class=\"screen-reader-text\">\u201eDr. med. univ. Florian Novak\u201c<\/span> weiterlesen<\/a><\/p>\n","protected":false},"author":1,"featured_media":0,"parent":0,"menu_order":0,"comment_status":"closed","ping_status":"closed","template":"","meta":[],"_links":{"self":[{"href":"https:\/\/rheumatologie-am-rosenberg.ch\/index.php?rest_route=\/wp\/v2\/pages\/1184"}],"collection":[{"href":"https:\/\/rheumatologie-am-rosenberg.ch\/index.php?rest_route=\/wp\/v2\/pages"}],"about":[{"href":"https:\/\/rheumatologie-am-rosenberg.ch\/index.php?rest_route=\/wp\/v2\/types\/page"}],"author":[{"embeddable":true,"href":"https:\/\/rheumatologie-am-rosenberg.ch\/index.php?rest_route=\/wp\/v2\/users\/1"}],"replies":[{"embeddable":true,"href":"https:\/\/rheumatologie-am-rosenberg.ch\/index.php?rest_route=%2Fwp%2Fv2%2Fcomments&post=1184"}],"version-history":[{"count":29,"href":"https:\/\/rheumatologie-am-rosenberg.ch\/index.php?rest_route=\/wp\/v2\/pages\/1184\/revisions"}],"predecessor-version":[{"id":1242,"href":"https:\/\/rheumatologie-am-rosenberg.ch\/index.php?rest_route=\/wp\/v2\/pages\/1184\/revisions\/1242"}],"wp:attachment":[{"href":"https:\/\/rheumatologie-am-rosenberg.ch\/index.php?rest_route=%2Fwp%2Fv2%2Fmedia&parent=1184"}],"curies":[{"name":"wp","href":"https:\/\/api.w.org\/{rel}","templated":true}]}}